{"id":141,"date":"2024-07-30T10:19:02","date_gmt":"2024-07-30T13:19:02","guid":{"rendered":"http:\/\/projur.confitec.com.br\/?page_id=141"},"modified":"2025-02-26T14:38:34","modified_gmt":"2025-02-26T17:38:34","slug":"linha-do-tempo","status":"publish","type":"page","link":"https:\/\/projur.confitec.com.br\/?page_id=141","title":{"rendered":"Linha do tempo"},"content":{"rendered":"\n<figure class=\"wp-block-image alignfull size-full uag-hide-mob\"><img loading=\"lazy\" decoding=\"async\" width=\"5760\" height=\"2313\" src=\"https:\/\/projur.confitec.com.br\/wp-content\/uploads\/2024\/07\/Frame-1030-3-e1723732428797.png\" alt=\"\" class=\"wp-image-177\" srcset=\"https:\/\/projur.confitec.com.br\/wp-content\/uploads\/2024\/07\/Frame-1030-3-e1723732428797.png 5760w, https:\/\/projur.confitec.com.br\/wp-content\/uploads\/2024\/07\/Frame-1030-3-e1723732428797-300x120.png 300w, https:\/\/projur.confitec.com.br\/wp-content\/uploads\/2024\/07\/Frame-1030-3-e1723732428797-1024x411.png 1024w, https:\/\/projur.confitec.com.br\/wp-content\/uploads\/2024\/07\/Frame-1030-3-e1723732428797-768x308.png 768w, https:\/\/projur.confitec.com.br\/wp-content\/uploads\/2024\/07\/Frame-1030-3-e1723732428797-1536x617.png 1536w, https:\/\/projur.confitec.com.br\/wp-content\/uploads\/2024\/07\/Frame-1030-3-e1723732428797-2048x822.png 2048w\" sizes=\"auto, (max-width: 5760px) 100vw, 5760px\" \/><\/figure>\n\n\n\n<figure class=\"wp-block-image alignfull size-full uag-hide-desktop uag-hide-tab\"><img loading=\"lazy\" decoding=\"async\" width=\"360\" height=\"379\" src=\"http:\/\/projur.confitec.com.br\/wp-content\/uploads\/2024\/08\/mobile-linha-do-tempo.png\" alt=\"\" class=\"wp-image-403\" srcset=\"https:\/\/projur.confitec.com.br\/wp-content\/uploads\/2024\/08\/mobile-linha-do-tempo.png 360w, https:\/\/projur.confitec.com.br\/wp-content\/uploads\/2024\/08\/mobile-linha-do-tempo-285x300.png 285w\" sizes=\"auto, (max-width: 360px) 100vw, 360px\" \/><\/figure>\n\n\n\n<p><\/p>\n\n\n\n<div class=\"wp-block-columns are-vertically-aligned-top has-small-font-size is-layout-flex wp-container-core-columns-is-layout-1 wp-block-columns-is-layout-flex\" style=\"margin-top:0;padding-top:var(--wp--preset--spacing--70);padding-bottom:var(--wp--preset--spacing--70)\">\n<div class=\"wp-block-column is-vertically-aligned-top is-layout-flow wp-block-column-is-layout-flow\" style=\"flex-basis:100%\">\n<div class=\"wp-block-uagb-advanced-heading uagb-block-970b773e\"><h3 class=\"uagb-heading-text\">Linha do tempo<\/h3><\/div>\n\n\n\n<div class=\"wp-block-group is-nowrap is-layout-flex wp-container-core-group-is-layout-1 wp-block-group-is-layout-flex\">\n<div class=\"wp-block-uagb-content-timeline uagb-timeline__outer-wrap uagb-block-9330fdc8 uagb-timeline__content-wrap uagb-timeline__left-block uagb-timeline__arrow-center  uagb-timeline\">\n<article class=\"wp-block-uagb-content-timeline-child uagb-timeline__field uagb-timeline-child-d0afec2c uagb-timeline__left\"><div class=\"uagb-timeline__marker out-view-uagb-timeline__icon\"><svg xmlns=\"https:\/\/www.w3.org\/2000\/svg\" viewBox=\"0 0 448 512\"><path d=\"M160 32V64H288V32C288 14.33 302.3 0 320 0C337.7 0 352 14.33 352 32V64H400C426.5 64 448 85.49 448 112V160H0V112C0 85.49 21.49 64 48 64H96V32C96 14.33 110.3 0 128 0C145.7 0 160 14.33 160 32zM0 192H448V464C448 490.5 426.5 512 400 512H48C21.49 512 0 490.5 0 464V192zM64 304C64 312.8 71.16 320 80 320H112C120.8 320 128 312.8 128 304V272C128 263.2 120.8 256 112 256H80C71.16 256 64 263.2 64 272V304zM192 304C192 312.8 199.2 320 208 320H240C248.8 320 256 312.8 256 304V272C256 263.2 248.8 256 240 256H208C199.2 256 192 263.2 192 272V304zM336 256C327.2 256 320 263.2 320 272V304C320 312.8 327.2 320 336 320H368C376.8 320 384 312.8 384 304V272C384 263.2 376.8 256 368 256H336zM64 432C64 440.8 71.16 448 80 448H112C120.8 448 128 440.8 128 432V400C128 391.2 120.8 384 112 384H80C71.16 384 64 391.2 64 400V432zM208 384C199.2 384 192 391.2 192 400V432C192 440.8 199.2 448 208 448H240C248.8 448 256 440.8 256 432V400C256 391.2 248.8 384 240 384H208zM320 432C320 440.8 327.2 448 336 448H368C376.8 448 384 440.8 384 432V400C384 391.2 376.8 384 368 384H336C327.2 384 320 391.2 320 400V432z\"><\/path><\/svg><\/div><div class=\"uagb-timeline__day-new uagb-timeline__day-left uagb-timeline__events-inner-new\"><div class=\"uagb-timeline__events-inner--content\"><div class=\"uagb-timeline__date-hide uagb-timeline__inner-date-new\">janeiro 1, 2019<\/div><h4 class=\"uagb-timeline__heading\"><mark style=\"background-color:rgba(0, 0, 0, 0);color:#ff7f00\" class=\"has-inline-color\"><strong>2018 &#8211; Lan\u00e7amento do PROJUR<\/strong><br><\/mark><\/h4><p class=\"uagb-timeline-desc-content\"><mark style=\"background-color:rgba(0, 0, 0, 0);color:#5f5f5f\" class=\"has-inline-color\">O in\u00edcio de uma nova era na gest\u00e3o de processos judiciais para seguradoras, com funcionalidades robustas e customiz\u00e1veis para atender grandes volumes de a\u00e7\u00f5es e demandas jur\u00eddicas.<\/mark><\/p><div class=\"uagb-timeline__arrow\"><\/div><\/div><\/div><div class=\"uagb-timeline__date-new\">janeiro 1, 2019<\/div><\/article>\n\n\n\n<article class=\"wp-block-uagb-content-timeline-child uagb-timeline__field uagb-timeline-child-e55e0f70 uagb-timeline__left\"><div class=\"uagb-timeline__marker out-view-uagb-timeline__icon\"><svg xmlns=\"https:\/\/www.w3.org\/2000\/svg\" viewBox=\"0 0 448 512\"><path d=\"M160 32V64H288V32C288 14.33 302.3 0 320 0C337.7 0 352 14.33 352 32V64H400C426.5 64 448 85.49 448 112V160H0V112C0 85.49 21.49 64 48 64H96V32C96 14.33 110.3 0 128 0C145.7 0 160 14.33 160 32zM0 192H448V464C448 490.5 426.5 512 400 512H48C21.49 512 0 490.5 0 464V192zM64 304C64 312.8 71.16 320 80 320H112C120.8 320 128 312.8 128 304V272C128 263.2 120.8 256 112 256H80C71.16 256 64 263.2 64 272V304zM192 304C192 312.8 199.2 320 208 320H240C248.8 320 256 312.8 256 304V272C256 263.2 248.8 256 240 256H208C199.2 256 192 263.2 192 272V304zM336 256C327.2 256 320 263.2 320 272V304C320 312.8 327.2 320 336 320H368C376.8 320 384 312.8 384 304V272C384 263.2 376.8 256 368 256H336zM64 432C64 440.8 71.16 448 80 448H112C120.8 448 128 440.8 128 432V400C128 391.2 120.8 384 112 384H80C71.16 384 64 391.2 64 400V432zM208 384C199.2 384 192 391.2 192 400V432C192 440.8 199.2 448 208 448H240C248.8 448 256 440.8 256 432V400C256 391.2 248.8 384 240 384H208zM320 432C320 440.8 327.2 448 336 448H368C376.8 448 384 440.8 384 432V400C384 391.2 376.8 384 368 384H336C327.2 384 320 391.2 320 400V432z\"><\/path><\/svg><\/div><div class=\"uagb-timeline__day-new uagb-timeline__day-left uagb-timeline__events-inner-new\"><div class=\"uagb-timeline__events-inner--content\"><div class=\"uagb-timeline__date-hide uagb-timeline__inner-date-new\">janeiro 1, 2019<\/div><h4 class=\"uagb-timeline__heading\"><mark style=\"background-color:rgba(0, 0, 0, 0);color:#ff7f00\" class=\"has-inline-color\"><strong>2022 &#8211; M\u00f3dulo de Coleta Autom\u00e1tica<\/strong><br><\/mark><\/h4><p class=\"uagb-timeline-desc-content\"><mark style=\"background-color:rgba(0, 0, 0, 0);color:#5f5f5f\" class=\"has-inline-color\">Um avan\u00e7o significativo que permitiu o acompanhamento autom\u00e1tico de novas a\u00e7\u00f5es e andamentos processuais nos tribunais e di\u00e1rios oficiais, proporcionando maior agilidade e precis\u00e3o na gest\u00e3o dos processos.<\/mark><br><\/p><div class=\"uagb-timeline__arrow\"><\/div><\/div><\/div><div class=\"uagb-timeline__date-new\">janeiro 1, 2019<\/div><\/article>\n\n\n\n<article class=\"wp-block-uagb-content-timeline-child uagb-timeline__field uagb-timeline-child-31e74d4f uagb-timeline__left\"><div class=\"uagb-timeline__marker out-view-uagb-timeline__icon\"><svg xmlns=\"https:\/\/www.w3.org\/2000\/svg\" viewBox=\"0 0 448 512\"><path d=\"M160 32V64H288V32C288 14.33 302.3 0 320 0C337.7 0 352 14.33 352 32V64H400C426.5 64 448 85.49 448 112V160H0V112C0 85.49 21.49 64 48 64H96V32C96 14.33 110.3 0 128 0C145.7 0 160 14.33 160 32zM0 192H448V464C448 490.5 426.5 512 400 512H48C21.49 512 0 490.5 0 464V192zM64 304C64 312.8 71.16 320 80 320H112C120.8 320 128 312.8 128 304V272C128 263.2 120.8 256 112 256H80C71.16 256 64 263.2 64 272V304zM192 304C192 312.8 199.2 320 208 320H240C248.8 320 256 312.8 256 304V272C256 263.2 248.8 256 240 256H208C199.2 256 192 263.2 192 272V304zM336 256C327.2 256 320 263.2 320 272V304C320 312.8 327.2 320 336 320H368C376.8 320 384 312.8 384 304V272C384 263.2 376.8 256 368 256H336zM64 432C64 440.8 71.16 448 80 448H112C120.8 448 128 440.8 128 432V400C128 391.2 120.8 384 112 384H80C71.16 384 64 391.2 64 400V432zM208 384C199.2 384 192 391.2 192 400V432C192 440.8 199.2 448 208 448H240C248.8 448 256 440.8 256 432V400C256 391.2 248.8 384 240 384H208zM320 432C320 440.8 327.2 448 336 448H368C376.8 448 384 440.8 384 432V400C384 391.2 376.8 384 368 384H336C327.2 384 320 391.2 320 400V432z\"><\/path><\/svg><\/div><div class=\"uagb-timeline__day-new uagb-timeline__day-left uagb-timeline__events-inner-new\"><div class=\"uagb-timeline__events-inner--content\"><div class=\"uagb-timeline__date-hide uagb-timeline__inner-date-new\">janeiro 1, 2019<\/div><h4 class=\"uagb-timeline__heading\"><strong><mark style=\"background-color:rgba(0, 0, 0, 0);color:#ff7f00\" class=\"has-inline-color\">2023 &#8211; PROJUR Stand-Alone<\/mark><\/strong><br><\/h4><p class=\"uagb-timeline-desc-content\"><mark style=\"background-color:rgba(0, 0, 0, 0);color:#5f5f5f\" class=\"has-inline-color\">Visando ampliar o alcance da solu\u00e7\u00e3o, a Confitec lan\u00e7ou uma vers\u00e3o stand-alone do PROJUR. Esta vers\u00e3o foi desenvolvida para pequenas e m\u00e9dias seguradoras, mantendo todas as funcionalidades essenciais do sistema, mas sem a integra\u00e7\u00e3o autom\u00e1tica com os sistemas da seguradora, tornando-a mais acess\u00edvel e adaptada \u00e0s suas necessidades.<\/mark><br><\/p><div class=\"uagb-timeline__arrow\"><\/div><\/div><\/div><div class=\"uagb-timeline__date-new\">janeiro 1, 2019<\/div><\/article>\n<div class=\"uagb-timeline__line\"><div class=\"uagb-timeline__line__inner\"><\/div><\/div><\/div>\n<\/div>\n<\/div>\n<\/div>\n\n\n\n<p class=\"has-text-color has-link-color wp-elements-6493a49fae6119c635dbca4cd7e3353f\" style=\"color:#5f5f5f\">Em 2022, a Confitec lan\u00e7ou o m\u00f3dulo de coleta autom\u00e1tica, um avan\u00e7o significativo que permitiu o acompanhamento autom\u00e1tico de novas a\u00e7\u00f5es e andamentos processuais nos tribunais e di\u00e1rios oficiais, proporcionando maior agilidade e precis\u00e3o na gest\u00e3o dos processos.&nbsp;<\/p>\n\n\n\n<p class=\"has-text-color has-link-color wp-elements-f5c774fbe233d98e80769aed73ea892e\" style=\"color:#5f5f5f\">Com o lan\u00e7amento do PROJUR stand-alone em 2023, a plataforma se tornou acess\u00edvel tamb\u00e9m para pequenas e m\u00e9dias seguradoras, oferecendo uma solu\u00e7\u00e3o completa e eficiente para a gest\u00e3o jur\u00eddica, sem a necessidade de integra\u00e7\u00f5es complexas. Esta vers\u00e3o permitiu que todas as seguradoras, independentemente do porte, pudessem se beneficiar das vantagens de um sistema robusto e confi\u00e1vel, elevando a qualidade da gest\u00e3o jur\u00eddica e operacional.<\/p>\n\n\n\n<h4 class=\"wp-block-heading has-text-color has-link-color wp-elements-3fbc3861838385f8a5fc26e161bfb6e7\" style=\"color:#5f5f5f;margin-top:0;margin-bottom:0;padding-top:var(--wp--preset--spacing--40);padding-bottom:var(--wp--preset--spacing--40)\"><strong>O PROJUR vai seguir transformando a realidade das equipes jur\u00eddicas das seguradoras.<\/strong><br><br><br><\/h4>\n\n\n\n<p><br><\/p>\n\n\n\n<div class=\"wp-block-uagb-separator uagb-block-8dae92e4\"><div class=\"uagb-separator-spacing-wrapper\"><div class=\"wp-block-uagb-separator__inner\" style=\"--my-background-image:\"><\/div><\/div><\/div>\n\n\n\n<p><\/p>\n","protected":false},"excerpt":{"rendered":"<p>Linha do tempo Em 2022, a Confitec lan\u00e7ou o m\u00f3dulo de coleta autom\u00e1tica, um avan\u00e7o significativo que permitiu o acompanhamento [&hellip;]<\/p>\n","protected":false},"author":1,"featured_media":0,"parent":0,"menu_order":0,"comment_status":"closed","ping_status":"closed","template":"","meta":{"_uag_custom_page_level_css":"","site-sidebar-layout":"default","site-content-layout":"","ast-site-content-layout":"","site-content-style":"default","site-sidebar-style":"default","ast-global-header-display":"","ast-banner-title-visibility":"","ast-main-header-display":"","ast-hfb-above-header-display":"","ast-hfb-below-header-display":"","ast-hfb-mobile-header-display":"","site-post-title":"disabled","ast-breadcrumbs-content":"","ast-featured-img":"","footer-sml-layout":"","theme-transparent-header-meta":"","adv-header-id-meta":"","stick-header-meta":"","header-above-stick-meta":"","header-main-stick-meta":"","header-below-stick-meta":"","astra-migrate-meta-layouts":"default","ast-page-background-enabled":"default","ast-page-background-meta":{"desktop":{"background-color":"var(--ast-global-color-4)","background-image":"","background-repeat":"repeat","background-position":"center center","background-size":"auto","background-attachment":"scroll","background-type":"","background-media":"","overlay-type":"","overlay-color":"","overlay-opacity":"","overlay-gradient":""},"tablet":{"background-color":"","background-image":"","background-repeat":"repeat","background-position":"center center","background-size":"auto","background-attachment":"scroll","background-type":"","background-media":"","overlay-type":"","overlay-color":"","overlay-opacity":"","overlay-gradient":""},"mobile":{"background-color":"","background-image":"","background-repeat":"repeat","background-position":"center center","background-size":"auto","background-attachment":"scroll","background-type":"","background-media":"","overlay-type":"","overlay-color":"","overlay-opacity":"","overlay-gradient":""}},"ast-content-background-meta":{"desktop":{"background-color":"var(--ast-global-color-5)","background-image":"","background-repeat":"repeat","background-position":"center center","background-size":"auto","background-attachment":"scroll","background-type":"","background-media":"","overlay-type":"","overlay-color":"","overlay-opacity":"","overlay-gradient":""},"tablet":{"background-color":"var(--ast-global-color-5)","background-image":"","background-repeat":"repeat","background-position":"center center","background-size":"auto","background-attachment":"scroll","background-type":"","background-media":"","overlay-type":"","overlay-color":"","overlay-opacity":"","overlay-gradient":""},"mobile":{"background-color":"var(--ast-global-color-5)","background-image":"","background-repeat":"repeat","background-position":"center center","background-size":"auto","background-attachment":"scroll","background-type":"","background-media":"","overlay-type":"","overlay-color":"","overlay-opacity":"","overlay-gradient":""}},"footnotes":""},"class_list":["post-141","page","type-page","status-publish","hentry"],"uagb_featured_image_src":{"full":false,"thumbnail":false,"medium":false,"medium_large":false,"large":false,"1536x1536":false,"2048x2048":false},"uagb_author_info":{"display_name":"projur-confitec","author_link":"https:\/\/projur.confitec.com.br\/?author=1"},"uagb_comment_info":0,"uagb_excerpt":"Linha do tempo Em 2022, a Confitec lan\u00e7ou o m\u00f3dulo de coleta autom\u00e1tica, um avan\u00e7o significativo que permitiu o acompanhamento [&hellip;]","_links":{"self":[{"href":"https:\/\/projur.confitec.com.br\/index.php?rest_route=\/wp\/v2\/pages\/141","targetHints":{"allow":["GET"]}}],"collection":[{"href":"https:\/\/projur.confitec.com.br\/index.php?rest_route=\/wp\/v2\/pages"}],"about":[{"href":"https:\/\/projur.confitec.com.br\/index.php?rest_route=\/wp\/v2\/types\/page"}],"author":[{"embeddable":true,"href":"https:\/\/projur.confitec.com.br\/index.php?rest_route=\/wp\/v2\/users\/1"}],"replies":[{"embeddable":true,"href":"https:\/\/projur.confitec.com.br\/index.php?rest_route=%2Fwp%2Fv2%2Fcomments&post=141"}],"version-history":[{"count":32,"href":"https:\/\/projur.confitec.com.br\/index.php?rest_route=\/wp\/v2\/pages\/141\/revisions"}],"predecessor-version":[{"id":695,"href":"https:\/\/projur.confitec.com.br\/index.php?rest_route=\/wp\/v2\/pages\/141\/revisions\/695"}],"wp:attachment":[{"href":"https:\/\/projur.confitec.com.br\/index.php?rest_route=%2Fwp%2Fv2%2Fmedia&parent=141"}],"curies":[{"name":"wp","href":"https:\/\/api.w.org\/{rel}","templated":true}]}}